{"id":46,"date":"2025-06-30T08:26:20","date_gmt":"2025-06-30T08:26:20","guid":{"rendered":"http:\/\/h-peinture.fr\/?page_id=46"},"modified":"2025-07-01T07:13:23","modified_gmt":"2025-07-01T07:13:23","slug":"home","status":"publish","type":"page","link":"https:\/\/h-peinture.fr\/","title":{"rendered":"HOME"},"content":{"rendered":"\n<div class=\"wp-block-columns is-layout-flex wp-container-core-columns-is-layout-9d6595d7 wp-block-columns-is-layout-flex\">\n<div class=\"wp-block-column bg-body is-layout-flow wp-block-column-is-layout-flow\"><\/div>\n<\/div>\n\n\n\n<h1 class=\"wp-block-heading has-text-align-center has-nv-site-bg-color has-text-color has-link-color has-large-font-size wp-elements-e57225e78f7d3fbb927f1f922a927a9b\">VOTRE SP\u00c9CIALISTE PEINTURE<\/h1>\n\n\n\n<p class=\"has-text-align-center has-nv-site-bg-color has-text-color has-link-color has-medium-font-size wp-elements-6165ffa9b6d2192e45e0776367927e9f\" style=\"padding-top:0;padding-right:var(--wp--preset--spacing--50);padding-bottom:0;padding-left:var(--wp--preset--spacing--50)\">Nous intervenons dans le Pays Basque et les Landes pour sublimer vos espaces, \u00e0 l\u2019int\u00e9rieur comme \u00e0 l\u2019ext\u00e9rieur.<br><strong>06 33 68 79 66<br><\/strong><\/p>\n\n\n\n<div class=\"wp-block-buttons is-content-justification-center is-layout-flex wp-container-core-buttons-is-layout-16018d1d wp-block-buttons-is-layout-flex\">\n<div class=\"wp-block-button\"><a class=\"wp-block-button__link has-neve-text-color-color has-nv-site-bg-background-color has-text-color has-background has-link-color wp-element-button\" href=\"#peinture-services\">D\u00e9couvrir<\/a><\/div>\n<\/div>\n\n\n\n<div style=\"height:280px\" aria-hidden=\"true\" class=\"wp-block-spacer\"><\/div>\n\n\n\n<div class=\"wp-block-columns no-margin-bottom is-layout-flex wp-container-core-columns-is-layout-ed5226f6 wp-block-columns-is-layout-flex\" style=\"padding-right:0;padding-left:0\">\n<div class=\"wp-block-column no-margin-bottom has-nv-site-bg-background-color has-background is-layout-flow wp-block-column-is-layout-flow\" style=\"padding-right:10%;padding-left:10%\" id=\"peinture-services\">\n<div style=\"height:40px\" aria-hidden=\"true\" class=\"wp-block-spacer\"><\/div>\n\n\n\n<h4 class=\"wp-block-heading has-text-align-center has-neve-text-color-color has-nv-site-bg-background-color has-text-color has-background has-link-color wp-elements-e2abe589490feb711eea395aebc9a722\" style=\"padding-right:var(--wp--preset--spacing--40);padding-left:var(--wp--preset--spacing--40)\">Entreprise de peinture au Pays Basque (64) et dans les Landes (40) : un savoir-faire local \u00e0 votre service<\/h4>\n\n\n\n<p class=\"has-neve-text-color-color has-nv-site-bg-background-color has-text-color has-background has-link-color wp-elements-1509eb02d47e33d93771c2be8068c46c\" style=\"padding-top:0;padding-right:0;padding-bottom:0;padding-left:0\">Vous recherchez une entreprise de <strong>peinture<\/strong> fiable et exp\u00e9riment\u00e9e dans le <strong>Pays Basque<\/strong> ou les <strong>Landes<\/strong> ? Notre \u00e9quipe met \u00e0 votre disposition tout son savoir-faire pour donner vie \u00e0 vos projets, qu\u2019il s\u2019agisse de peinture int\u00e9rieure, ext\u00e9rieure, d\u00e9corative ou de ravalement de fa\u00e7ade. Que vous soyez un particulier ou un professionnel, nous vous accompagnons dans toutes les \u00e9tapes de vos travaux de peinture, avec une attention particuli\u00e8re port\u00e9e aux d\u00e9tails et \u00e0 la qualit\u00e9 des finitions.<\/p>\n\n\n\n<p class=\"has-neve-text-color-color has-nv-site-bg-background-color has-text-color has-background has-link-color wp-elements-74d56477164af9d3a3629220abe41106\" style=\"padding-top:0;padding-right:0;padding-bottom:0;padding-left:0\">Implant\u00e9s au c\u0153ur du <strong>Pays Basque<\/strong>, nous intervenons \u00e9galement dans tout le d\u00e9partement des <strong>Landes<\/strong>, avec une parfaite connaissance des sp\u00e9cificit\u00e9s architecturales et climatiques locales. Cela nous permet de vous proposer des solutions durables, esth\u00e9tiques et adapt\u00e9es \u00e0 votre environnement. Nos peintres utilisent des mat\u00e9riaux de qualit\u00e9 professionnelle, respectueux de l\u2019environnement, pour garantir un r\u00e9sultat \u00e0 la hauteur de vos attentes.<\/p>\n\n\n\n<p class=\"has-neve-text-color-color has-nv-site-bg-background-color has-text-color has-background has-link-color wp-elements-1cd20e25c3a666b0d525b77b9ac62598\" style=\"padding-top:0;padding-right:0;padding-bottom:0;padding-left:0\">Notre expertise ne se limite pas \u00e0 la peinture. Nous proposons \u00e9galement des services de <strong>nettoyage de fa\u00e7ades<\/strong>, d\u2019entretien ext\u00e9rieur, ainsi que des conseils personnalis\u00e9s en d\u00e9coration. Chaque chantier est pr\u00e9par\u00e9 avec soin, et notre objectif est toujours le m\u00eame : votre satisfaction.<\/p>\n\n\n\n<div style=\"height:80px\" aria-hidden=\"true\" class=\"wp-block-spacer\"><\/div>\n\n\n\n<h3 class=\"wp-block-heading has-text-align-center has-neve-text-color-color has-nv-site-bg-background-color has-text-color has-background has-link-color wp-elements-c62b17c50d8b7ab78cca354e338c4c11\" style=\"padding-top:var(--wp--preset--spacing--20);padding-right:0;padding-bottom:var(--wp--preset--spacing--20);padding-left:0\">Nos services<\/h3>\n\n\n\n<div class=\"wp-block-columns is-layout-flex wp-container-core-columns-is-layout-9d6595d7 wp-block-columns-is-layout-flex\">\n<div class=\"wp-block-column is-layout-flow wp-block-column-is-layout-flow\"><div class=\"wp-block-image\">\n<figure class=\"aligncenter size-full is-resized\"><img loading=\"lazy\" decoding=\"async\" width=\"256\" height=\"256\" src=\"https:\/\/h-peinture.fr\/wp-content\/uploads\/2025\/06\/paint-roller@2x.png\" alt=\"\" class=\"wp-image-197\" style=\"width:136px;height:auto\" srcset=\"https:\/\/h-peinture.fr\/wp-content\/uploads\/2025\/06\/paint-roller@2x.png 256w, https:\/\/h-peinture.fr\/wp-content\/uploads\/2025\/06\/paint-roller@2x-150x150.png 150w\" sizes=\"auto, (max-width: 256px) 100vw, 256px\" \/><\/figure>\n<\/div>\n\n\n<p class=\"has-text-align-center\"><strong>PEINTURES G\u00c9N\u00c9RALES INT\u00c9RIEURE \/ EXT\u00c9RIEURE<\/strong><br><strong>BOISERIE<\/strong><br><strong>FERRONNERIE<\/strong><\/p>\n<\/div>\n\n\n\n<div class=\"wp-block-column is-layout-flow wp-block-column-is-layout-flow\"><div class=\"wp-block-image\">\n<figure class=\"aligncenter size-full is-resized\"><img loading=\"lazy\" decoding=\"async\" width=\"352\" height=\"354\" src=\"https:\/\/h-peinture.fr\/wp-content\/uploads\/2025\/06\/karsher-nettoyage-2.png\" alt=\"\" class=\"wp-image-203\" style=\"width:116px;height:auto\" srcset=\"https:\/\/h-peinture.fr\/wp-content\/uploads\/2025\/06\/karsher-nettoyage-2.png 352w, https:\/\/h-peinture.fr\/wp-content\/uploads\/2025\/06\/karsher-nettoyage-2-298x300.png 298w, https:\/\/h-peinture.fr\/wp-content\/uploads\/2025\/06\/karsher-nettoyage-2-150x150.png 150w\" sizes=\"auto, (max-width: 352px) 100vw, 352px\" \/><\/figure>\n<\/div>\n\n\n<p class=\"has-text-align-center\"><br><strong>NETTOYAGE FA\u00c7ADES, TOITURES, MURETS, DALLES, ETC.<\/strong><\/p>\n<\/div>\n<\/div>\n\n\n\n<div style=\"height:40px\" aria-hidden=\"true\" class=\"wp-block-spacer\"><\/div>\n\n\n\n<p class=\"has-text-align-left\">Faire appel \u00e0 notre entreprise, c\u2019est choisir une \u00e9quipe r\u00e9active, passionn\u00e9e, et \u00e0 l\u2019\u00e9coute, qui place la relation client au centre de ses priorit\u00e9s. Du simple rafra\u00eechissement de murs \u00e0 la r\u00e9novation compl\u00e8te de votre maison ou local professionnel, nous sommes l\u00e0 pour concr\u00e9tiser vos id\u00e9es avec efficacit\u00e9.<\/p>\n\n\n\n<p class=\"has-text-align-left\" style=\"padding-right:0;padding-left:0\">Contactez-nous d\u00e8s aujourd\u2019hui pour un devis gratuit et d\u00e9couvrez comment nous pouvons transformer vos espaces gr\u00e2ce \u00e0 notre expertise en <strong>peinture<\/strong> dans le <strong>Pays Basque<\/strong> et les <strong>Landes<\/strong>.<\/p>\n\n\n\n<div style=\"height:20px\" aria-hidden=\"true\" class=\"wp-block-spacer\"><\/div>\n\n\n\n<div class=\"wp-block-buttons is-content-justification-center is-layout-flex wp-container-core-buttons-is-layout-16018d1d wp-block-buttons-is-layout-flex\">\n<div class=\"wp-block-button\"><a class=\"wp-block-button__link has-nv-site-bg-color has-text-color has-link-color wp-element-button\" href=\"#contact\">NOUS CONTACTER<\/a><\/div>\n<\/div>\n\n\n\n<div style=\"height:60px\" aria-hidden=\"true\" class=\"wp-block-spacer\"><\/div>\n\n\n\n<div class=\"wp-block-columns is-layout-flex wp-container-core-columns-is-layout-9d6595d7 wp-block-columns-is-layout-flex\">\n<div class=\"wp-block-column is-layout-flow wp-block-column-is-layout-flow\">\n<figure class=\"wp-block-image size-large\"><img loading=\"lazy\" decoding=\"async\" width=\"1024\" height=\"768\" src=\"https:\/\/h-peinture.fr\/wp-content\/uploads\/2025\/06\/nettoyage-toiture-1-1024x768.png\" alt=\"\" class=\"wp-image-177\" srcset=\"https:\/\/h-peinture.fr\/wp-content\/uploads\/2025\/06\/nettoyage-toiture-1-1024x768.png 1024w, https:\/\/h-peinture.fr\/wp-content\/uploads\/2025\/06\/nettoyage-toiture-1-300x225.png 300w, https:\/\/h-peinture.fr\/wp-content\/uploads\/2025\/06\/nettoyage-toiture-1-768x576.png 768w, https:\/\/h-peinture.fr\/wp-content\/uploads\/2025\/06\/nettoyage-toiture-1-1536x1152.png 1536w, https:\/\/h-peinture.fr\/wp-content\/uploads\/2025\/06\/nettoyage-toiture-1-2048x1536.png 2048w\" sizes=\"auto, (max-width: 1024px) 100vw, 1024px\" \/><\/figure>\n<\/div>\n\n\n\n<div class=\"wp-block-column is-layout-flow wp-block-column-is-layout-flow\">\n<figure class=\"wp-block-image size-large\"><img loading=\"lazy\" decoding=\"async\" width=\"1024\" height=\"768\" src=\"https:\/\/h-peinture.fr\/wp-content\/uploads\/2025\/06\/nettoyage-toiture-2-1024x768.png\" alt=\"\" class=\"wp-image-178\" srcset=\"https:\/\/h-peinture.fr\/wp-content\/uploads\/2025\/06\/nettoyage-toiture-2-1024x768.png 1024w, https:\/\/h-peinture.fr\/wp-content\/uploads\/2025\/06\/nettoyage-toiture-2-300x225.png 300w, https:\/\/h-peinture.fr\/wp-content\/uploads\/2025\/06\/nettoyage-toiture-2-768x576.png 768w, https:\/\/h-peinture.fr\/wp-content\/uploads\/2025\/06\/nettoyage-toiture-2-1536x1152.png 1536w, https:\/\/h-peinture.fr\/wp-content\/uploads\/2025\/06\/nettoyage-toiture-2-2048x1536.png 2048w\" sizes=\"auto, (max-width: 1024px) 100vw, 1024px\" \/><\/figure>\n<\/div>\n<\/div>\n\n\n\n<div class=\"wp-block-columns is-layout-flex wp-container-core-columns-is-layout-9d6595d7 wp-block-columns-is-layout-flex\">\n<div class=\"wp-block-column is-layout-flow wp-block-column-is-layout-flow\">\n<figure class=\"wp-block-image size-large\"><img loading=\"lazy\" decoding=\"async\" width=\"1024\" height=\"768\" src=\"https:\/\/h-peinture.fr\/wp-content\/uploads\/2025\/06\/nettoyage-facade-1-1024x768.png\" alt=\"\" class=\"wp-image-182\" srcset=\"https:\/\/h-peinture.fr\/wp-content\/uploads\/2025\/06\/nettoyage-facade-1-1024x768.png 1024w, https:\/\/h-peinture.fr\/wp-content\/uploads\/2025\/06\/nettoyage-facade-1-300x225.png 300w, https:\/\/h-peinture.fr\/wp-content\/uploads\/2025\/06\/nettoyage-facade-1-768x576.png 768w, https:\/\/h-peinture.fr\/wp-content\/uploads\/2025\/06\/nettoyage-facade-1-1536x1152.png 1536w, https:\/\/h-peinture.fr\/wp-content\/uploads\/2025\/06\/nettoyage-facade-1-2048x1536.png 2048w\" sizes=\"auto, (max-width: 1024px) 100vw, 1024px\" \/><\/figure>\n<\/div>\n\n\n\n<div class=\"wp-block-column is-layout-flow wp-block-column-is-layout-flow\">\n<figure class=\"wp-block-image size-large\"><img loading=\"lazy\" decoding=\"async\" width=\"1024\" height=\"768\" src=\"https:\/\/h-peinture.fr\/wp-content\/uploads\/2025\/06\/nettoyage-facade-2-1024x768.png\" alt=\"\" class=\"wp-image-183\" srcset=\"https:\/\/h-peinture.fr\/wp-content\/uploads\/2025\/06\/nettoyage-facade-2-1024x768.png 1024w, https:\/\/h-peinture.fr\/wp-content\/uploads\/2025\/06\/nettoyage-facade-2-300x225.png 300w, https:\/\/h-peinture.fr\/wp-content\/uploads\/2025\/06\/nettoyage-facade-2-768x576.png 768w, https:\/\/h-peinture.fr\/wp-content\/uploads\/2025\/06\/nettoyage-facade-2-1536x1152.png 1536w, https:\/\/h-peinture.fr\/wp-content\/uploads\/2025\/06\/nettoyage-facade-2-2048x1536.png 2048w\" sizes=\"auto, (max-width: 1024px) 100vw, 1024px\" \/><\/figure>\n<\/div>\n<\/div>\n\n\n\n<div class=\"wp-block-columns is-layout-flex wp-container-core-columns-is-layout-9d6595d7 wp-block-columns-is-layout-flex\">\n<div class=\"wp-block-column is-layout-flow wp-block-column-is-layout-flow\">\n<figure class=\"wp-block-image size-large\"><img loading=\"lazy\" decoding=\"async\" width=\"1024\" height=\"768\" src=\"https:\/\/h-peinture.fr\/wp-content\/uploads\/2025\/06\/nettoyage-facade-3-1024x768.png\" alt=\"\" class=\"wp-image-186\" srcset=\"https:\/\/h-peinture.fr\/wp-content\/uploads\/2025\/06\/nettoyage-facade-3-1024x768.png 1024w, https:\/\/h-peinture.fr\/wp-content\/uploads\/2025\/06\/nettoyage-facade-3-300x225.png 300w, https:\/\/h-peinture.fr\/wp-content\/uploads\/2025\/06\/nettoyage-facade-3-768x576.png 768w, https:\/\/h-peinture.fr\/wp-content\/uploads\/2025\/06\/nettoyage-facade-3-1536x1152.png 1536w, https:\/\/h-peinture.fr\/wp-content\/uploads\/2025\/06\/nettoyage-facade-3-2048x1536.png 2048w\" sizes=\"auto, (max-width: 1024px) 100vw, 1024px\" \/><\/figure>\n<\/div>\n\n\n\n<div class=\"wp-block-column is-layout-flow wp-block-column-is-layout-flow\">\n<figure class=\"wp-block-image size-large\"><img loading=\"lazy\" decoding=\"async\" width=\"1024\" height=\"768\" src=\"https:\/\/h-peinture.fr\/wp-content\/uploads\/2025\/06\/nettoyage-facade-4-1024x768.png\" alt=\"\" class=\"wp-image-187\" srcset=\"https:\/\/h-peinture.fr\/wp-content\/uploads\/2025\/06\/nettoyage-facade-4-1024x768.png 1024w, https:\/\/h-peinture.fr\/wp-content\/uploads\/2025\/06\/nettoyage-facade-4-300x225.png 300w, https:\/\/h-peinture.fr\/wp-content\/uploads\/2025\/06\/nettoyage-facade-4-768x576.png 768w, https:\/\/h-peinture.fr\/wp-content\/uploads\/2025\/06\/nettoyage-facade-4-1536x1152.png 1536w, https:\/\/h-peinture.fr\/wp-content\/uploads\/2025\/06\/nettoyage-facade-4-2048x1536.png 2048w\" sizes=\"auto, (max-width: 1024px) 100vw, 1024px\" \/><\/figure>\n<\/div>\n<\/div>\n\n\n\n<p class=\"has-text-align-center\"><\/p>\n<\/div>\n<\/div>\n\n\n\n<div class=\"wp-block-columns no-margin-bottom is-layout-flex wp-container-core-columns-is-layout-9d6595d7 wp-block-columns-is-layout-flex\" id=\"contact\">\n<div class=\"wp-block-column no-margin-bottom has-nv-site-bg-background-color has-background is-layout-flow wp-block-column-is-layout-flow\">\n<div style=\"height:60px\" aria-hidden=\"true\" class=\"wp-block-spacer\"><\/div>\n\n\n\n<h3 class=\"wp-block-heading has-text-align-center\">CONTACT<\/h3>\n\n\n\n<div style=\"height:40px\" aria-hidden=\"true\" class=\"wp-block-spacer\"><\/div>\n\n\n\n<p class=\"has-text-align-center\">R\u00c9SIDENCE LES P\u00c9PINI\u00c8RES<br>64200 BIARRITZ<\/p>\n\n\n\n<p class=\"has-text-align-center\">T\u00e9l\u00e9phone : <strong>06 33 68 79 66<\/strong><\/p>\n\n\n\n<div style=\"height:60px\" aria-hidden=\"true\" class=\"wp-block-spacer\"><\/div>\n<\/div>\n<\/div>\n","protected":false},"excerpt":{"rendered":"<p>VOTRE SP\u00c9CIALISTE PEINTURE Nous intervenons dans le Pays Basque et les Landes pour sublimer vos espaces, \u00e0 l\u2019int\u00e9rieur comme \u00e0 l\u2019ext\u00e9rieur.06 33 68 79 66 Entreprise de peinture au Pays Basque (64) et dans les Landes (40) : un savoir-faire local \u00e0 votre service Vous recherchez une entreprise de peinture fiable et exp\u00e9riment\u00e9e dans le&hellip;&nbsp;<a href=\"https:\/\/h-peinture.fr\/\" rel=\"bookmark\"><span class=\"screen-reader-text\">HOME<\/span><\/a><\/p>\n","protected":false},"author":1,"featured_media":0,"parent":0,"menu_order":0,"comment_status":"closed","ping_status":"closed","template":"page-templates\/template-pagebuilder-full-width.php","meta":{"neve_meta_sidebar":"","neve_meta_container":"","neve_meta_enable_content_width":"","neve_meta_content_width":0,"neve_meta_title_alignment":"","neve_meta_author_avatar":"","neve_post_elements_order":"","neve_meta_disable_header":"","neve_meta_disable_footer":"","neve_meta_disable_title":"","footnotes":""},"class_list":["post-46","page","type-page","status-publish","hentry"],"_links":{"self":[{"href":"https:\/\/h-peinture.fr\/index.php?rest_route=\/wp\/v2\/pages\/46","targetHints":{"allow":["GET"]}}],"collection":[{"href":"https:\/\/h-peinture.fr\/index.php?rest_route=\/wp\/v2\/pages"}],"about":[{"href":"https:\/\/h-peinture.fr\/index.php?rest_route=\/wp\/v2\/types\/page"}],"author":[{"embeddable":true,"href":"https:\/\/h-peinture.fr\/index.php?rest_route=\/wp\/v2\/users\/1"}],"replies":[{"embeddable":true,"href":"https:\/\/h-peinture.fr\/index.php?rest_route=%2Fwp%2Fv2%2Fcomments&post=46"}],"version-history":[{"count":99,"href":"https:\/\/h-peinture.fr\/index.php?rest_route=\/wp\/v2\/pages\/46\/revisions"}],"predecessor-version":[{"id":282,"href":"https:\/\/h-peinture.fr\/index.php?rest_route=\/wp\/v2\/pages\/46\/revisions\/282"}],"wp:attachment":[{"href":"https:\/\/h-peinture.fr\/index.php?rest_route=%2Fwp%2Fv2%2Fmedia&parent=46"}],"curies":[{"name":"wp","href":"https:\/\/api.w.org\/{rel}","templated":true}]}}